{"id":331,"date":"2013-02-03T09:37:20","date_gmt":"2013-02-03T15:37:20","guid":{"rendered":"http:\/\/mark.abear.net\/blog\/?page_id=331"},"modified":"2021-12-17T11:47:17","modified_gmt":"2021-12-17T17:47:17","slug":"waiting-in-the-wings","status":"publish","type":"page","link":"https:\/\/mark.abear.net\/blog\/waiting-in-the-wings\/","title":{"rendered":"Bar and Cellar"},"content":{"rendered":"<h1>Bar (Currently Open)<\/h1>\n<p>Here is what I currently have opened, some of which I haven&#8217;t yet formally tasted (i.e. haven&#8217;t posted tasting notes):<\/p>\n<h3>Bourbon Whiskey<\/h3>\n<ul>\n<li>Barrell Bourbon Single Barrel (Beastmaster&#8217;s Selection)<\/li>\n<\/ul>\n<h3>Rye Whiskey<\/h3>\n<ul>\n<li>High West A Midwinter Nights Dram (Act 2.4)<\/li>\n<li>High West Double Rye<\/li>\n<\/ul>\n<h3>American\/Canadian Whiskey<\/h3>\n<ul>\n<li>Balcones Baby Blue (Batch 15-6)<\/li>\n<li>Balcones Brimstone (Batch 14-6)<\/li>\n<li>Balcones Texas Single Malt (Batch 13-5)<\/li>\n<\/ul>\n<h3>Scotch Whisky<\/h3>\n<ul compact=\"compact\">\n<li>Ardbeg Ardbog<\/li>\n<li>Benriach 15 Year\u00a0Peated\u00a0Pedro Ximinez Finish Single Cask Single Malt (1995)<\/li>\n<li>Imperial 17 Year Single Malt 1995 (Signatory Un-Chilfiltered Collection, #50330)<\/li>\n<li>Laphroaig Cairdeas 2013 (Port Pipe)<\/li>\n<li>Mackmyra Svensk R\u00f6k (MR-001)<\/li>\n<\/ul>\n<h3>Irish\/International Whisky<\/h3>\n<ul>\n<li>Powers John&#8217;s Lane<\/li>\n<\/ul>\n<h3>Rum\/Cacha\u00e7a<\/h3>\n<ul>\n<li>Enmore 16 Year Rum (Berry&#8217;s)<\/li>\n<li>Fazenda M\u00e3e de Ouro Cacha\u00e7a<\/li>\n<li>Foursquare Zinfandel Cask Finish (2004, 11 Years)<\/li>\n<li>Guadeloupe 14 Year Rum (Berry&#8217;s)<\/li>\n<li>Guayana 14 Year Rum (Berry&#8217;s)<\/li>\n<li>Mount Gay Eclipse Black Rum<\/li>\n<li>Mount Gay XO Rum<\/li>\n<li>The Scarlet Ibis<\/li>\n<li>Trigo Reserva A\u00f1eja Rum<\/li>\n<\/ul>\n<h3>Mezcal\/Tequila<\/h3>\n<ul>\n<li>5150 Blanco Tequila<\/li>\n<li>5150 Reposado Tequila<\/li>\n<li>5150 A\u00f1ejo Tequila<\/li>\n<li>Herencia Mexicana Reposado Tequila<\/li>\n<li>Pierde Almas La Puritita Verd\u00e1<\/li>\n<li>Pierde Almas Tequilana Weber (51.6%)<\/li>\n<\/ul>\n<h3>Brandy\/Cognac\/Armagnac<\/h3>\n<ul>\n<li>Ch\u00e2teau de St. Aubin R\u00e9serve du Ch\u00e2teau Tour du Monde Bas-Armagnac<\/li>\n<\/ul>\n<h3>Liqueur<\/h3>\n<ul>\n<li>Aperol<\/li>\n<li>Belle de Brillet<\/li>\n<li>Breckenridge Bitters<\/li>\n<li>Brinley Shipwreck Coffee Rum<\/li>\n<li>Dancing Pines Chai Liqueur<\/li>\n<li>Domaine de Canton<\/li>\n<li>Green Chartreuse<\/li>\n<li>Merlet Creme de Cassis<\/li>\n<li>Merlet Creme de Frambois<\/li>\n<li>St. Germain Elderflower Liqueur<\/li>\n<\/ul>\n<h3>Vodka\/Gin<\/h3>\n<ul>\n<li>Charbay Blood Orange Vodka<\/li>\n<li>Monkey 47\u00a0Schwarzwald Dry Gin<\/li>\n<li>Ransom Dry Gin<\/li>\n<li>Ransom The Vodka<\/li>\n<li>SweetBeat Vodka<\/li>\n<\/ul>\n<h1>Cellar<\/h1>\n<p>Here is what I have in my cellar that I haven&#8217;t yet opened. This list seems to grow faster than my ability to get to them.<\/p>\n<ul>\n<li><a href=\"https:\/\/mark.abear.net\/blog\/?page_id=1832\">American\/Canadian\/Irish Whiskey<\/a><\/li>\n<li><a href=\"https:\/\/mark.abear.net\/blog\/?page_id=1826\">Bourbon Whiskey<\/a><\/li>\n<li><a href=\"https:\/\/mark.abear.net\/blog\/?page_id=1841\">Brandy\/Cognac\/Armagnac<\/a><\/li>\n<li><a href=\"https:\/\/mark.abear.net\/blog\/?page_id=1839\">Mezcal\/Tequila<\/a><\/li>\n<li><a href=\"https:\/\/mark.abear.net\/blog\/?page_id=1857\">International Whisky<\/a><\/li>\n<li><a href=\"https:\/\/mark.abear.net\/blog\/?page_id=1836\">Rum\/Cacha\u00e7a<\/a><\/li>\n<li><a href=\"https:\/\/mark.abear.net\/blog\/?page_id=1828\">Rye Whiskey<\/a><\/li>\n<li><a href=\"https:\/\/mark.abear.net\/blog\/?page_id=1834\">Scotch Whisky<\/a><\/li>\n<li><a href=\"https:\/\/mark.abear.net\/blog\/?page_id=1843\">Vodka\/Gin<\/a><\/li>\n<\/ul>\n","protected":false},"excerpt":{"rendered":"<p>Bar (Currently Open) Here is what I currently have opened, some of which I haven&#8217;t yet formally tasted (i.e. haven&#8217;t posted tasting notes): Bourbon Whiskey Barrell Bourbon Single Barrel (Beastmaster&#8217;s Selection) Rye Whiskey High West A Midwinter Nights Dram (Act 2.4) High West Double Rye American\/Canadian Whiskey Balcones Baby Blue (Batch 15-6) Balcones Brimstone (Batch &hellip; <a href=\"https:\/\/mark.abear.net\/blog\/waiting-in-the-wings\/\" class=\"more-link\">Continue reading <span class=\"meta-nav\">&rarr;<\/span><\/a><\/p>\n","protected":false},"author":1,"featured_media":0,"parent":0,"menu_order":0,"comment_status":"open","ping_status":"open","template":"","meta":{"_acf_changed":false,"jetpack_post_was_ever_published":false,"footnotes":""},"class_list":["post-331","page","type-page","status-publish","hentry"],"acf":[],"jetpack_shortlink":"https:\/\/wp.me\/P364aH-5l","jetpack_sharing_enabled":true,"jetpack_likes_enabled":true,"_links":{"self":[{"href":"https:\/\/mark.abear.net\/blog\/wp-json\/wp\/v2\/pages\/331","targetHints":{"allow":["GET"]}}],"collection":[{"href":"https:\/\/mark.abear.net\/blog\/wp-json\/wp\/v2\/pages"}],"about":[{"href":"https:\/\/mark.abear.net\/blog\/wp-json\/wp\/v2\/types\/page"}],"author":[{"embeddable":true,"href":"https:\/\/mark.abear.net\/blog\/wp-json\/wp\/v2\/users\/1"}],"replies":[{"embeddable":true,"href":"https:\/\/mark.abear.net\/blog\/wp-json\/wp\/v2\/comments?post=331"}],"version-history":[{"count":9,"href":"https:\/\/mark.abear.net\/blog\/wp-json\/wp\/v2\/pages\/331\/revisions"}],"predecessor-version":[{"id":1975,"href":"https:\/\/mark.abear.net\/blog\/wp-json\/wp\/v2\/pages\/331\/revisions\/1975"}],"wp:attachment":[{"href":"https:\/\/mark.abear.net\/blog\/wp-json\/wp\/v2\/media?parent=331"}],"curies":[{"name":"wp","href":"https:\/\/api.w.org\/{rel}","templated":true}]}}